{"id":135,"date":"2012-09-21T21:00:50","date_gmt":"2012-09-21T19:00:50","guid":{"rendered":"http:\/\/fundacjamosinga.zgora.eu\/?page_id=135"},"modified":"2020-01-02T13:07:28","modified_gmt":"2020-01-02T12:07:28","slug":"konto-fundacji","status":"publish","type":"page","link":"https:\/\/fundacjamosinga.zgora.eu\/?page_id=135","title":{"rendered":"KONTO FUNDACJI"},"content":{"rendered":"<p><strong><span style=\"color: #000000;\">Fundacja Mosinga<\/span><\/strong><br \/>\n<b>BNP Paribas Bank Polska SA<\/b><br \/>\n<strong><span style=\"color: #000000;\"> 23 2030 0045 1110 0000 0222 0700<\/span><\/strong><\/p>\n<p style=\"text-align: justify;\"><strong><span style=\"color: #000000;\">Dla u\u0142atwienia wp\u0142acaj\u0105cym\u00a0 spoza\u00a0granic Polski<\/span><\/strong><br \/>\n<strong><span style=\"color: #000000;\"> uruchomili\u015bmy konto PayPal.<\/span><\/strong><\/p>\n<form action=\"https:\/\/www.paypal.com\/cgi-bin\/webscr\" method=\"post\" target=\"_top\"><input alt=\"PayPal \u2014 P\u0142a\u0107 wygodnie i bezpiecznie\" name=\"submit\" src=\"https:\/\/www.paypalobjects.com\/pl_PL\/PL\/i\/btn\/btn_donateCC_LG.gif\" type=\"image\" \/><br \/>\n<img decoding=\"async\" loading=\"lazy\" src=\"https:\/\/www.paypalobjects.com\/pl_PL\/i\/scr\/pixel.gif\" alt=\"\" width=\"1\" height=\"1\" border=\"0\" \/><\/form>\n","protected":false},"excerpt":{"rendered":"<p>Fundacja Mosinga BNP Paribas Bank Polska SA 23 2030 0045 1110 0000 0222 0700 Dla u\u0142atwienia wp\u0142acaj\u0105cym\u00a0 spoza\u00a0granic Polski uruchomili\u015bmy konto PayPal.<\/p>\n","protected":false},"author":1,"featured_media":0,"parent":0,"menu_order":0,"comment_status":"open","ping_status":"open","template":"","meta":[],"_links":{"self":[{"href":"https:\/\/fundacjamosinga.zgora.eu\/index.php?rest_route=\/wp\/v2\/pages\/135"}],"collection":[{"href":"https:\/\/fundacjamosinga.zgora.eu\/index.php?rest_route=\/wp\/v2\/pages"}],"about":[{"href":"https:\/\/fundacjamosinga.zgora.eu\/index.php?rest_route=\/wp\/v2\/types\/page"}],"author":[{"embeddable":true,"href":"https:\/\/fundacjamosinga.zgora.eu\/index.php?rest_route=\/wp\/v2\/users\/1"}],"replies":[{"embeddable":true,"href":"https:\/\/fundacjamosinga.zgora.eu\/index.php?rest_route=%2Fwp%2Fv2%2Fcomments&post=135"}],"version-history":[{"count":16,"href":"https:\/\/fundacjamosinga.zgora.eu\/index.php?rest_route=\/wp\/v2\/pages\/135\/revisions"}],"predecessor-version":[{"id":15671,"href":"https:\/\/fundacjamosinga.zgora.eu\/index.php?rest_route=\/wp\/v2\/pages\/135\/revisions\/15671"}],"wp:attachment":[{"href":"https:\/\/fundacjamosinga.zgora.eu\/index.php?rest_route=%2Fwp%2Fv2%2Fmedia&parent=135"}],"curies":[{"name":"wp","href":"https:\/\/api.w.org\/{rel}","templated":true}]}}