{"id":2196,"date":"2013-12-17T16:04:08","date_gmt":"2013-12-17T15:04:08","guid":{"rendered":"http:\/\/fundacjamosinga.zgora.eu\/?page_id=2196"},"modified":"2017-05-22T10:52:16","modified_gmt":"2017-05-22T08:52:16","slug":"pokucie-przed-wojna","status":"publish","type":"page","link":"https:\/\/fundacjamosinga.zgora.eu\/?page_id=2196","title":{"rendered":"Pokucie przed wojn\u0105"},"content":{"rendered":"<div id='gallery-1' class='gallery galleryid-2196 gallery-columns-4 gallery-size-thumbnail'><figure class='gallery-item'>\n\t\t\t<div class='gallery-icon portrait'>\n\t\t\t\t<a href='https:\/\/fundacjamosinga.zgora.eu\/?attachment_id=4473'><img width=\"150\" height=\"150\" src=\"https:\/\/fundacjamosinga.zgora.eu\/wp-content\/uploads\/2013\/12\/mapa1-150x150.jpg\" class=\"attachment-thumbnail size-thumbnail\" alt=\"\" decoding=\"async\" loading=\"lazy\" \/><\/a>\n\t\t\t<\/div><\/figure><figure class='gallery-item'>\n\t\t\t<div class='gallery-icon portrait'>\n\t\t\t\t<a href='https:\/\/fundacjamosinga.zgora.eu\/?attachment_id=4474'><img width=\"150\" height=\"150\" src=\"https:\/\/fundacjamosinga.zgora.eu\/wp-content\/uploads\/2013\/12\/mapa11-150x150.jpg\" class=\"attachment-thumbnail size-thumbnail\" alt=\"\" decoding=\"async\" loading=\"lazy\" \/><\/a>\n\t\t\t<\/div><\/figure><figure class='gallery-item'>\n\t\t\t<div class='gallery-icon landscape'>\n\t\t\t\t<a href='https:\/\/fundacjamosinga.zgora.eu\/?attachment_id=4476'><img width=\"150\" height=\"150\" src=\"https:\/\/fundacjamosinga.zgora.eu\/wp-content\/uploads\/2013\/12\/Vincenz-150x150.jpg\" class=\"attachment-thumbnail size-thumbnail\" alt=\"\" decoding=\"async\" loading=\"lazy\" \/><\/a>\n\t\t\t<\/div><\/figure><figure class='gallery-item'>\n\t\t\t<div class='gallery-icon portrait'>\n\t\t\t\t<a href='https:\/\/fundacjamosinga.zgora.eu\/?attachment_id=4477'><img width=\"150\" height=\"150\" src=\"https:\/\/fundacjamosinga.zgora.eu\/wp-content\/uploads\/2013\/12\/huc-150x150.jpg\" class=\"attachment-thumbnail size-thumbnail\" alt=\"\" decoding=\"async\" loading=\"lazy\" \/><\/a>\n\t\t\t<\/div><\/figure><figure class='gallery-item'>\n\t\t\t<div class='gallery-icon portrait'>\n\t\t\t\t<a href='https:\/\/fundacjamosinga.zgora.eu\/?attachment_id=2200'><img width=\"150\" height=\"150\" src=\"https:\/\/fundacjamosinga.zgora.eu\/wp-content\/uploads\/2013\/12\/DSCF7332-150x150.jpg\" class=\"attachment-thumbnail size-thumbnail\" alt=\"\" decoding=\"async\" loading=\"lazy\" \/><\/a>\n\t\t\t<\/div><\/figure><figure class='gallery-item'>\n\t\t\t<div class='gallery-icon portrait'>\n\t\t\t\t<a href='https:\/\/fundacjamosinga.zgora.eu\/?attachment_id=2201'><img width=\"150\" height=\"150\" src=\"https:\/\/fundacjamosinga.zgora.eu\/wp-content\/uploads\/2013\/12\/DSCF7331-150x150.jpg\" class=\"attachment-thumbnail size-thumbnail\" alt=\"\" decoding=\"async\" loading=\"lazy\" \/><\/a>\n\t\t\t<\/div><\/figure><figure class='gallery-item'>\n\t\t\t<div class='gallery-icon portrait'>\n\t\t\t\t<a href='https:\/\/fundacjamosinga.zgora.eu\/?attachment_id=4461'><img width=\"150\" height=\"150\" src=\"https:\/\/fundacjamosinga.zgora.eu\/wp-content\/uploads\/2013\/12\/DSCF7567-150x150.jpg\" class=\"attachment-thumbnail size-thumbnail\" alt=\"\" decoding=\"async\" loading=\"lazy\" \/><\/a>\n\t\t\t<\/div><\/figure><figure class='gallery-item'>\n\t\t\t<div class='gallery-icon portrait'>\n\t\t\t\t<a href='https:\/\/fundacjamosinga.zgora.eu\/?attachment_id=4462'><img width=\"150\" height=\"150\" src=\"https:\/\/fundacjamosinga.zgora.eu\/wp-content\/uploads\/2013\/12\/DSCF7569-150x150.jpg\" class=\"attachment-thumbnail size-thumbnail\" alt=\"\" decoding=\"async\" loading=\"lazy\" \/><\/a>\n\t\t\t<\/div><\/figure><figure class='gallery-item'>\n\t\t\t<div class='gallery-icon portrait'>\n\t\t\t\t<a href='https:\/\/fundacjamosinga.zgora.eu\/?attachment_id=2199'><img width=\"150\" height=\"150\" src=\"https:\/\/fundacjamosinga.zgora.eu\/wp-content\/uploads\/2013\/12\/DSCF7343-150x150.jpg\" class=\"attachment-thumbnail size-thumbnail\" alt=\"\" decoding=\"async\" loading=\"lazy\" \/><\/a>\n\t\t\t<\/div><\/figure><figure class='gallery-item'>\n\t\t\t<div class='gallery-icon landscape'>\n\t\t\t\t<a href='https:\/\/fundacjamosinga.zgora.eu\/?attachment_id=2204'><img width=\"150\" height=\"150\" src=\"https:\/\/fundacjamosinga.zgora.eu\/wp-content\/uploads\/2013\/12\/DSCF7338-150x150.jpg\" class=\"attachment-thumbnail size-thumbnail\" alt=\"\" decoding=\"async\" loading=\"lazy\" \/><\/a>\n\t\t\t<\/div><\/figure><figure class='gallery-item'>\n\t\t\t<div class='gallery-icon portrait'>\n\t\t\t\t<a href='https:\/\/fundacjamosinga.zgora.eu\/?attachment_id=4466'><img width=\"150\" height=\"150\" src=\"https:\/\/fundacjamosinga.zgora.eu\/wp-content\/uploads\/2013\/12\/DSCF7575-150x150.jpg\" class=\"attachment-thumbnail size-thumbnail\" alt=\"\" decoding=\"async\" loading=\"lazy\" \/><\/a>\n\t\t\t<\/div><\/figure><figure class='gallery-item'>\n\t\t\t<div class='gallery-icon landscape'>\n\t\t\t\t<a href='https:\/\/fundacjamosinga.zgora.eu\/?attachment_id=2202'><img width=\"150\" height=\"150\" src=\"https:\/\/fundacjamosinga.zgora.eu\/wp-content\/uploads\/2013\/12\/DSCF7333-150x150.jpg\" class=\"attachment-thumbnail size-thumbnail\" alt=\"\" decoding=\"async\" loading=\"lazy\" \/><\/a>\n\t\t\t<\/div><\/figure><figure class='gallery-item'>\n\t\t\t<div class='gallery-icon portrait'>\n\t\t\t\t<a href='https:\/\/fundacjamosinga.zgora.eu\/?attachment_id=4469'><img width=\"150\" height=\"150\" src=\"https:\/\/fundacjamosinga.zgora.eu\/wp-content\/uploads\/2013\/12\/DSCF75541-150x150.jpg\" class=\"attachment-thumbnail size-thumbnail\" alt=\"\" decoding=\"async\" loading=\"lazy\" \/><\/a>\n\t\t\t<\/div><\/figure><figure class='gallery-item'>\n\t\t\t<div class='gallery-icon landscape'>\n\t\t\t\t<a href='https:\/\/fundacjamosinga.zgora.eu\/?attachment_id=2203'><img width=\"150\" height=\"150\" src=\"https:\/\/fundacjamosinga.zgora.eu\/wp-content\/uploads\/2013\/12\/DSCF7337-150x150.jpg\" class=\"attachment-thumbnail size-thumbnail\" alt=\"\" decoding=\"async\" loading=\"lazy\" \/><\/a>\n\t\t\t<\/div><\/figure><figure class='gallery-item'>\n\t\t\t<div class='gallery-icon portrait'>\n\t\t\t\t<a href='https:\/\/fundacjamosinga.zgora.eu\/?attachment_id=2198'><img width=\"150\" height=\"150\" src=\"https:\/\/fundacjamosinga.zgora.eu\/wp-content\/uploads\/2013\/12\/DSCF7342-150x150.jpg\" class=\"attachment-thumbnail size-thumbnail\" alt=\"\" decoding=\"async\" loading=\"lazy\" \/><\/a>\n\t\t\t<\/div><\/figure><figure class='gallery-item'>\n\t\t\t<div class='gallery-icon landscape'>\n\t\t\t\t<a href='https:\/\/fundacjamosinga.zgora.eu\/?attachment_id=3057'><img width=\"150\" height=\"150\" src=\"https:\/\/fundacjamosinga.zgora.eu\/wp-content\/uploads\/2013\/12\/DSCF7555-150x150.jpg\" class=\"attachment-thumbnail size-thumbnail\" alt=\"\" decoding=\"async\" loading=\"lazy\" \/><\/a>\n\t\t\t<\/div><\/figure><figure class='gallery-item'>\n\t\t\t<div class='gallery-icon landscape'>\n\t\t\t\t<a href='https:\/\/fundacjamosinga.zgora.eu\/?attachment_id=2197'><img width=\"150\" height=\"150\" src=\"https:\/\/fundacjamosinga.zgora.eu\/wp-content\/uploads\/2013\/12\/DSCF7341-150x150.jpg\" class=\"attachment-thumbnail size-thumbnail\" alt=\"\" decoding=\"async\" loading=\"lazy\" \/><\/a>\n\t\t\t<\/div><\/figure><figure class='gallery-item'>\n\t\t\t<div class='gallery-icon portrait'>\n\t\t\t\t<a href='https:\/\/fundacjamosinga.zgora.eu\/?attachment_id=4467'><img width=\"150\" height=\"150\" src=\"https:\/\/fundacjamosinga.zgora.eu\/wp-content\/uploads\/2013\/12\/DSCF7576-150x150.jpg\" class=\"attachment-thumbnail size-thumbnail\" alt=\"\" decoding=\"async\" loading=\"lazy\" \/><\/a>\n\t\t\t<\/div><\/figure><figure class='gallery-item'>\n\t\t\t<div class='gallery-icon landscape'>\n\t\t\t\t<a href='https:\/\/fundacjamosinga.zgora.eu\/?attachment_id=3056'><img width=\"150\" height=\"150\" src=\"https:\/\/fundacjamosinga.zgora.eu\/wp-content\/uploads\/2013\/12\/DSCF7545-150x150.jpg\" class=\"attachment-thumbnail size-thumbnail\" alt=\"\" decoding=\"async\" loading=\"lazy\" \/><\/a>\n\t\t\t<\/div><\/figure><figure class='gallery-item'>\n\t\t\t<div class='gallery-icon landscape'>\n\t\t\t\t<a href='https:\/\/fundacjamosinga.zgora.eu\/?attachment_id=3058'><img width=\"150\" height=\"150\" src=\"https:\/\/fundacjamosinga.zgora.eu\/wp-content\/uploads\/2013\/12\/DSCF7570-150x150.jpg\" class=\"attachment-thumbnail size-thumbnail\" alt=\"\" decoding=\"async\" loading=\"lazy\" \/><\/a>\n\t\t\t<\/div><\/figure><figure class='gallery-item'>\n\t\t\t<div class='gallery-icon landscape'>\n\t\t\t\t<a href='https:\/\/fundacjamosinga.zgora.eu\/?attachment_id=3059'><img width=\"150\" height=\"150\" src=\"https:\/\/fundacjamosinga.zgora.eu\/wp-content\/uploads\/2013\/12\/DSCF7566-150x150.jpg\" class=\"attachment-thumbnail size-thumbnail\" alt=\"\" decoding=\"async\" loading=\"lazy\" \/><\/a>\n\t\t\t<\/div><\/figure><figure class='gallery-item'>\n\t\t\t<div class='gallery-icon landscape'>\n\t\t\t\t<a href='https:\/\/fundacjamosinga.zgora.eu\/?attachment_id=4465'><img width=\"150\" height=\"150\" src=\"https:\/\/fundacjamosinga.zgora.eu\/wp-content\/uploads\/2013\/12\/DSCF7574-150x150.jpg\" class=\"attachment-thumbnail size-thumbnail\" alt=\"\" decoding=\"async\" loading=\"lazy\" \/><\/a>\n\t\t\t<\/div><\/figure><figure class='gallery-item'>\n\t\t\t<div class='gallery-icon landscape'>\n\t\t\t\t<a href='https:\/\/fundacjamosinga.zgora.eu\/?attachment_id=4464'><img width=\"150\" height=\"150\" src=\"https:\/\/fundacjamosinga.zgora.eu\/wp-content\/uploads\/2013\/12\/DSCF7573-150x150.jpg\" class=\"attachment-thumbnail size-thumbnail\" alt=\"\" decoding=\"async\" loading=\"lazy\" \/><\/a>\n\t\t\t<\/div><\/figure><figure class='gallery-item'>\n\t\t\t<div class='gallery-icon landscape'>\n\t\t\t\t<a href='https:\/\/fundacjamosinga.zgora.eu\/?attachment_id=4463'><img width=\"150\" height=\"150\" src=\"https:\/\/fundacjamosinga.zgora.eu\/wp-content\/uploads\/2013\/12\/DSCF7572-150x150.jpg\" class=\"attachment-thumbnail size-thumbnail\" alt=\"\" decoding=\"async\" loading=\"lazy\" \/><\/a>\n\t\t\t<\/div><\/figure>\n\t\t<\/div>\n\n<p><strong>&#8230; po drewnianych gankach i zielonych ogrodach, w\u0119drowa\u0142o lipcowe s\u0142o\u0144ce&#8230;<br \/>\n<\/strong><\/p>\n<p>&nbsp;<\/p>\n<p>&nbsp;<\/p>\n<p>&nbsp;<\/p>\n","protected":false},"excerpt":{"rendered":"<p>&#8230; po drewnianych gankach i zielonych ogrodach, w\u0119drowa\u0142o lipcowe s\u0142o\u0144ce&#8230; &nbsp; &nbsp; &nbsp;<\/p>\n","protected":false},"author":2,"featured_media":0,"parent":341,"menu_order":0,"comment_status":"open","ping_status":"open","template":"","meta":[],"_links":{"self":[{"href":"https:\/\/fundacjamosinga.zgora.eu\/index.php?rest_route=\/wp\/v2\/pages\/2196"}],"collection":[{"href":"https:\/\/fundacjamosinga.zgora.eu\/index.php?rest_route=\/wp\/v2\/pages"}],"about":[{"href":"https:\/\/fundacjamosinga.zgora.eu\/index.php?rest_route=\/wp\/v2\/types\/page"}],"author":[{"embeddable":true,"href":"https:\/\/fundacjamosinga.zgora.eu\/index.php?rest_route=\/wp\/v2\/users\/2"}],"replies":[{"embeddable":true,"href":"https:\/\/fundacjamosinga.zgora.eu\/index.php?rest_route=%2Fwp%2Fv2%2Fcomments&post=2196"}],"version-history":[{"count":13,"href":"https:\/\/fundacjamosinga.zgora.eu\/index.php?rest_route=\/wp\/v2\/pages\/2196\/revisions"}],"predecessor-version":[{"id":8315,"href":"https:\/\/fundacjamosinga.zgora.eu\/index.php?rest_route=\/wp\/v2\/pages\/2196\/revisions\/8315"}],"up":[{"embeddable":true,"href":"https:\/\/fundacjamosinga.zgora.eu\/index.php?rest_route=\/wp\/v2\/pages\/341"}],"wp:attachment":[{"href":"https:\/\/fundacjamosinga.zgora.eu\/index.php?rest_route=%2Fwp%2Fv2%2Fmedia&parent=2196"}],"curies":[{"name":"wp","href":"https:\/\/api.w.org\/{rel}","templated":true}]}}